{"id":129,"date":"2020-02-14T10:59:11","date_gmt":"2020-02-14T10:59:11","guid":{"rendered":"https:\/\/demosites.io\/fitness-gb\/?page_id=129"},"modified":"2023-03-30T10:53:54","modified_gmt":"2023-03-30T08:53:54","slug":"a5213-home","status":"publish","type":"page","link":"https:\/\/kfz-hoeger.de\/","title":{"rendered":"Home"},"content":{"rendered":"\n<section id=\"wp-block-themeisle-blocks-advanced-columns-e7931e5c\" class=\"wp-block-themeisle-blocks-advanced-columns alignfull has-1-columns has-desktop-equal-layout has-tablet-equal-layout has-mobile-collapsedRows-layout has-vertical-center has-dark-bg\"><div class=\"wp-block-themeisle-blocks-advanced-columns-overlay\"><\/div><div class=\"innerblocks-wrap\">\n<div id=\"wp-block-themeisle-blocks-advanced-column-311d4b3f\" class=\"wp-block-themeisle-blocks-advanced-column\">\n<span id=\"wp-block-themeisle-blocks-advanced-heading-4cfcfe68\" class=\"wp-block-themeisle-blocks-advanced-heading wp-block-themeisle-blocks-advanced-heading-4cfcfe68\"><\/span>\n\n\n\n<h1 class=\"wp-block-heading\">Ihr KFZ Meisterbetrieb in Marmagen<\/h1>\n\n\n\n<p class=\"has-nv-site-bg-color has-text-color\">Das Autohaus Karl Hoeger ist seit \u00fcber&nbsp;30 Jahren Ihr kompetenter KFZ- Meisterbetrieb in Marmagen.<\/p>\n\n\n\n<p class=\"has-nv-site-bg-color has-text-color\">Dar\u00fcber hinaus sind wir Autoservice und spezialisiert auf Autoglas. Wir haben uns als Ziel gesetzt, mittels moderner Fehlerdiagnostik\u00a0auch komplizierte und umfangreiche Reparaturen durchzuf\u00fchren um Ihnen hiermit einen bestm\u00f6glichen Service garantieren zu k\u00f6nnen.\u00a0Besuchen Sie uns in Marmagen und \u00fcberzeugen Sie sich von unseren Leistungen und der hohen Qualit\u00e4t.<\/p>\n<\/div>\n<\/div><\/section>\n\n\n\n<div class=\"wp-block-group alignfull\"><div class=\"wp-block-group__inner-container is-layout-constrained wp-block-group-is-layout-constrained\">\n<section id=\"wp-block-themeisle-blocks-advanced-columns-e4373a2b\" class=\"wp-block-themeisle-blocks-advanced-columns alignfull has-1-columns has-desktop-equal-layout has-tablet-equal-layout has-mobile-equal-layout has-vertical-flex-start\"><div class=\"wp-block-themeisle-blocks-advanced-columns-overlay\"><\/div><div class=\"innerblocks-wrap\">\n<div id=\"wp-block-themeisle-blocks-advanced-column-0b9db5af\" class=\"wp-block-themeisle-blocks-advanced-column\">\n<section id=\"wp-block-themeisle-blocks-advanced-columns-62d68e08\" class=\"wp-block-themeisle-blocks-advanced-columns has-1-columns has-desktop-equal-layout has-tablet-equal-layout has-mobile-equal-layout has-vertical-flex-start\"><div class=\"wp-block-themeisle-blocks-advanced-columns-overlay\"><\/div><div class=\"innerblocks-wrap\">\n<div class=\"wp-block-themeisle-blocks-advanced-column\">\n<h2 id=\"wp-block-themeisle-blocks-advanced-heading-39818f75\" class=\"wp-block-themeisle-blocks-advanced-heading wp-block-themeisle-blocks-advanced-heading-39818f75\">Unsere Serviceleistungen<\/h2>\n\n\n\n<h5 id=\"wp-block-themeisle-blocks-advanced-heading-9d67b6de\" class=\"wp-block-themeisle-blocks-advanced-heading wp-block-themeisle-blocks-advanced-heading-9d67b6de\">Bei Unfallsch\u00e4den steht Ihnen in unserem Autohaus ein KFZ-Sachverst\u00e4ndiger t\u00e4glich zur Verf\u00fcgung.\u00a0<\/h5>\n<\/div>\n<\/div><\/section>\n\n\n\n<section id=\"wp-block-themeisle-blocks-advanced-columns-6fc7adce\" class=\"wp-block-themeisle-blocks-advanced-columns has-3-columns has-desktop-equal-layout has-tablet-equal-layout has-mobile-collapsedRows-layout has-vertical-flex-start\"><div class=\"wp-block-themeisle-blocks-advanced-columns-overlay\"><\/div><div class=\"innerblocks-wrap\">\n<div id=\"wp-block-themeisle-blocks-advanced-column-25e97a9a\" class=\"wp-block-themeisle-blocks-advanced-column\">\n<div id=\"wp-block-themeisle-blocks-font-awesome-icons-d5c7d449\" class=\"wp-block-themeisle-blocks-font-awesome-icons\"><span class=\"wp-block-themeisle-blocks-font-awesome-icons-container\"><i class=\"fas fa-car-crash\"><\/i><\/span><\/div>\n\n\n\n<h4 id=\"wp-block-themeisle-blocks-advanced-heading-72a9f7c8\" class=\"wp-block-themeisle-blocks-advanced-heading wp-block-themeisle-blocks-advanced-heading-72a9f7c8\">Unfallinstandsetzungen<\/h4>\n\n\n\n<h4 id=\"wp-block-themeisle-blocks-advanced-heading-d4470db9\" class=\"wp-block-themeisle-blocks-advanced-heading wp-block-themeisle-blocks-advanced-heading-d4470db9\">Scheibenaustausch<\/h4>\n\n\n\n<h4 id=\"wp-block-themeisle-blocks-advanced-heading-186230f1\" class=\"wp-block-themeisle-blocks-advanced-heading wp-block-themeisle-blocks-advanced-heading-186230f1\">Klimaservice<\/h4>\n\n\n\n<h4 id=\"wp-block-themeisle-blocks-advanced-heading-fd5e8980\" class=\"wp-block-themeisle-blocks-advanced-heading wp-block-themeisle-blocks-advanced-heading-fd5e8980\">T\u00e4gliche HU und AU (auch mit Eintragungen)<\/h4>\n<\/div>\n\n\n\n<div id=\"wp-block-themeisle-blocks-advanced-column-b5b3ad1c\" class=\"wp-block-themeisle-blocks-advanced-column\">\n<div id=\"wp-block-themeisle-blocks-font-awesome-icons-71995a22\" class=\"wp-block-themeisle-blocks-font-awesome-icons\"><span class=\"wp-block-themeisle-blocks-font-awesome-icons-container\"><i class=\"fas fa-wrench\"><\/i><\/span><\/div>\n\n\n\n<h4 id=\"wp-block-themeisle-blocks-advanced-heading-067b6e63\" class=\"wp-block-themeisle-blocks-advanced-heading wp-block-themeisle-blocks-advanced-heading-067b6e63\">Reparaturen aller Fabrikate<\/h4>\n\n\n\n<h4 id=\"wp-block-themeisle-blocks-advanced-heading-a11d4eac\" class=\"wp-block-themeisle-blocks-advanced-heading wp-block-themeisle-blocks-advanced-heading-a11d4eac\">Steinschlagreparatur<\/h4>\n\n\n\n<h4 id=\"wp-block-themeisle-blocks-advanced-heading-d117a55d\" class=\"wp-block-themeisle-blocks-advanced-heading wp-block-themeisle-blocks-advanced-heading-d117a55d\">Elektronische Achsvermessung<\/h4>\n\n\n\n<h4 id=\"wp-block-themeisle-blocks-advanced-heading-4d71ab3e\" class=\"wp-block-themeisle-blocks-advanced-heading wp-block-themeisle-blocks-advanced-heading-4d71ab3e\">Moderne Fehlerdiagnostik<\/h4>\n<\/div>\n\n\n\n<div id=\"wp-block-themeisle-blocks-advanced-column-6be03cf4\" class=\"wp-block-themeisle-blocks-advanced-column\">\n<div id=\"wp-block-themeisle-blocks-font-awesome-icons-52fbd165\" class=\"wp-block-themeisle-blocks-font-awesome-icons\"><span class=\"wp-block-themeisle-blocks-font-awesome-icons-container\"><i class=\"fas fa-car\"><\/i><\/span><\/div>\n\n\n\n<h4 id=\"wp-block-themeisle-blocks-advanced-heading-57826d4c\" class=\"wp-block-themeisle-blocks-advanced-heading wp-block-themeisle-blocks-advanced-heading-57826d4c\">Neuwagen zu Top-Konditionen<\/h4>\n\n\n\n<h4 id=\"wp-block-themeisle-blocks-advanced-heading-8175a626\" class=\"wp-block-themeisle-blocks-advanced-heading wp-block-themeisle-blocks-advanced-heading-8175a626\">Reifenservice<\/h4>\n\n\n\n<h4 id=\"wp-block-themeisle-blocks-advanced-heading-fb8967b0\" class=\"wp-block-themeisle-blocks-advanced-heading wp-block-themeisle-blocks-advanced-heading-fb8967b0\">Reifeneinlagerung<\/h4>\n\n\n\n<h4 id=\"wp-block-themeisle-blocks-advanced-heading-d9b1fe83\" class=\"wp-block-themeisle-blocks-advanced-heading wp-block-themeisle-blocks-advanced-heading-d9b1fe83\">Werkstattersatzwagen<\/h4>\n\n\n\n<p id=\"wp-block-themeisle-blocks-advanced-heading-9962089c\" class=\"wp-block-themeisle-blocks-advanced-heading wp-block-themeisle-blocks-advanced-heading-9962089c\"> <\/p>\n<\/div>\n<\/div><\/section>\n<\/div>\n<\/div><\/section>\n<\/div><\/div>\n","protected":false},"excerpt":{"rendered":"","protected":false},"author":1,"featured_media":0,"parent":0,"menu_order":0,"comment_status":"closed","ping_status":"closed","template":"page-templates\/template-pagebuilder-full-width.php","meta":{"neve_meta_sidebar":"full-width","neve_meta_container":"","neve_meta_enable_content_width":"on","neve_meta_content_width":100,"neve_meta_title_alignment":"","neve_meta_author_avatar":"","neve_post_elements_order":"","neve_meta_disable_header":"","neve_meta_disable_footer":"","neve_meta_disable_title":"","_themeisle_gutenberg_block_has_review":false,"footnotes":""},"class_list":["post-129","page","type-page","status-publish","hentry"],"_links":{"self":[{"href":"https:\/\/kfz-hoeger.de\/index.php?rest_route=\/wp\/v2\/pages\/129","targetHints":{"allow":["GET"]}}],"collection":[{"href":"https:\/\/kfz-hoeger.de\/index.php?rest_route=\/wp\/v2\/pages"}],"about":[{"href":"https:\/\/kfz-hoeger.de\/index.php?rest_route=\/wp\/v2\/types\/page"}],"author":[{"embeddable":true,"href":"https:\/\/kfz-hoeger.de\/index.php?rest_route=\/wp\/v2\/users\/1"}],"replies":[{"embeddable":true,"href":"https:\/\/kfz-hoeger.de\/index.php?rest_route=%2Fwp%2Fv2%2Fcomments&post=129"}],"version-history":[{"count":7,"href":"https:\/\/kfz-hoeger.de\/index.php?rest_route=\/wp\/v2\/pages\/129\/revisions"}],"predecessor-version":[{"id":288,"href":"https:\/\/kfz-hoeger.de\/index.php?rest_route=\/wp\/v2\/pages\/129\/revisions\/288"}],"wp:attachment":[{"href":"https:\/\/kfz-hoeger.de\/index.php?rest_route=%2Fwp%2Fv2%2Fmedia&parent=129"}],"curies":[{"name":"wp","href":"https:\/\/api.w.org\/{rel}","templated":true}]}}